{"id":478,"date":"2024-07-11T17:37:17","date_gmt":"2024-07-11T15:37:17","guid":{"rendered":"https:\/\/specialquest.ch\/?page_id=478"},"modified":"2024-07-11T19:02:34","modified_gmt":"2024-07-11T17:02:34","slug":"special-quest","status":"publish","type":"page","link":"https:\/\/specialquest.ch\/special-quest\/","title":{"rendered":"Special Quest"},"content":{"rendered":"<h3 style=\"text-align: center;\"><a href=\"https:\/\/specialquest.ch\/wordpress\/wp-content\/uploads\/2017\/10\/cropped-S_Q_nur_Logo.png\"><img loading=\"lazy\" decoding=\"async\" class=\"aligncenter size-medium wp-image-481\" src=\"https:\/\/specialquest.ch\/wordpress\/wp-content\/uploads\/2017\/10\/cropped-S_Q_nur_Logo-300x300.png\" alt=\"Special_Quest_logo\" width=\"300\" height=\"300\" srcset=\"https:\/\/specialquest.ch\/wordpress\/wp-content\/uploads\/2017\/10\/cropped-S_Q_nur_Logo-300x300.png 300w, https:\/\/specialquest.ch\/wordpress\/wp-content\/uploads\/2017\/10\/cropped-S_Q_nur_Logo-150x150.png 150w, https:\/\/specialquest.ch\/wordpress\/wp-content\/uploads\/2017\/10\/cropped-S_Q_nur_Logo-100x100.png 100w, https:\/\/specialquest.ch\/wordpress\/wp-content\/uploads\/2017\/10\/cropped-S_Q_nur_Logo-270x270.png 270w, https:\/\/specialquest.ch\/wordpress\/wp-content\/uploads\/2017\/10\/cropped-S_Q_nur_Logo-192x192.png 192w, https:\/\/specialquest.ch\/wordpress\/wp-content\/uploads\/2017\/10\/cropped-S_Q_nur_Logo-180x180.png 180w, https:\/\/specialquest.ch\/wordpress\/wp-content\/uploads\/2017\/10\/cropped-S_Q_nur_Logo-32x32.png 32w, https:\/\/specialquest.ch\/wordpress\/wp-content\/uploads\/2017\/10\/cropped-S_Q_nur_Logo.png 512w\" sizes=\"(max-width: 300px) 100vw, 300px\" \/><\/a>Pop, Rock und Artverwandtes <br \/>\nauf Blech gespielt mit Spass, Witz, Energie und Virtuosit\u00e4t<\/h3>\n<p style=\"text-align: center;\"><strong>Trompete<\/strong> &#8211; Martin K\u00e4ch, Marco Nussbaumer, Simon Lilly<br \/>\n<strong>Waldhorn<\/strong> &#8211; Jos\u00e9 Martin Blanco \u00a0 <strong>Posaune<\/strong> &#8211; Kevin Austin<br \/>\n<strong>Tuba<\/strong> &#8211; Lucas Wirz\u00a0 \u00a0 \u00a0 \u00a0 \u00a0\u00a0 <strong>Schlagzeug<\/strong> &#8211; Martin Altenbach<\/p>\n<p style=\"text-align: center;\"><a href=\"https:\/\/specialquest.ch\/kontakt\/\">Kontakt<\/a><\/p>\n","protected":false},"excerpt":{"rendered":"<p>Pop, Rock und Artverwandtes auf Blech gespielt mit Spass, Witz, Energie und Virtuosit\u00e4t Trompete &#8211; Martin K\u00e4ch, Marco Nussbaumer, Simon Lilly Waldhorn &#8211; Jos\u00e9 Martin Blanco \u00a0 Posaune &#8211; Kevin Austin Tuba &#8211; Lucas Wirz\u00a0 \u00a0 \u00a0 \u00a0 \u00a0\u00a0 Schlagzeug &#8211; Martin Altenbach Kontakt<\/p>\n","protected":false},"author":1,"featured_media":0,"parent":0,"menu_order":0,"comment_status":"closed","ping_status":"closed","template":"","meta":{"_monsterinsights_skip_tracking":false,"_monsterinsights_sitenote_active":false,"_monsterinsights_sitenote_note":"","_monsterinsights_sitenote_category":0,"footnotes":""},"_links":{"self":[{"href":"https:\/\/specialquest.ch\/special-quest\/wp-json\/wp\/v2\/pages\/478"}],"collection":[{"href":"https:\/\/specialquest.ch\/special-quest\/wp-json\/wp\/v2\/pages"}],"about":[{"href":"https:\/\/specialquest.ch\/special-quest\/wp-json\/wp\/v2\/types\/page"}],"author":[{"embeddable":true,"href":"https:\/\/specialquest.ch\/special-quest\/wp-json\/wp\/v2\/users\/1"}],"replies":[{"embeddable":true,"href":"https:\/\/specialquest.ch\/special-quest\/wp-json\/wp\/v2\/comments?post=478"}],"version-history":[{"count":4,"href":"https:\/\/specialquest.ch\/special-quest\/wp-json\/wp\/v2\/pages\/478\/revisions"}],"predecessor-version":[{"id":506,"href":"https:\/\/specialquest.ch\/special-quest\/wp-json\/wp\/v2\/pages\/478\/revisions\/506"}],"wp:attachment":[{"href":"https:\/\/specialquest.ch\/special-quest\/wp-json\/wp\/v2\/media?parent=478"}],"curies":[{"name":"wp","href":"https:\/\/api.w.org\/{rel}","templated":true}]}}